{"id":1647,"date":"2024-03-21T12:11:00","date_gmt":"2024-03-21T12:11:00","guid":{"rendered":"https:\/\/www.svmo.fi\/?page_id=1647"},"modified":"2026-02-02T08:54:15","modified_gmt":"2026-02-02T08:54:15","slug":"tilaa-opas","status":"publish","type":"page","link":"https:\/\/www.svmo.fi\/etusivu\/tilaa-opas\/","title":{"rendered":"tilaa-opas"},"content":{"rendered":"\t\t<div data-elementor-type=\"wp-page\" data-elementor-id=\"1647\" class=\"elementor elementor-1647\">\n\t\t\t\t<div class=\"elementor-element elementor-element-8958125 e-flex e-con-boxed e-con e-parent\" data-id=\"8958125\" data-element_type=\"container\" data-e-type=\"container\">\n\t\t\t\t\t<div class=\"e-con-inner\">\n\t\t<div class=\"elementor-element elementor-element-7d61a82 e-con-full e-flex e-con e-child\" data-id=\"7d61a82\" data-element_type=\"container\" data-e-type=\"container\">\n\t\t\t\t<div class=\"elementor-element elementor-element-32c67ff elementor-widget elementor-widget-text-editor\" data-id=\"32c67ff\" data-element_type=\"widget\" data-e-type=\"widget\" data-widget_type=\"text-editor.default\">\n\t\t\t\t<div class=\"elementor-widget-container\">\n\t\t\t\t\t\t\t\t\t<p><strong>Tilaa 2 opasta samalla kertaa.<\/strong><br \/><em>Toinen veneeseen ja toinen kotiin tai kaverille.<\/em><br \/><em>Suosituin tilaus-<\/em><br \/><em>vaihtoehtomme.<\/em><\/p>\t\t\t\t\t\t\t\t<\/div>\n\t\t\t\t<\/div>\n\t\t\t\t<\/div>\n\t\t<div class=\"elementor-element elementor-element-b777948 e-con-full e-flex e-con e-child\" data-id=\"b777948\" data-element_type=\"container\" data-e-type=\"container\">\n\t\t\t\t<div class=\"elementor-element elementor-element-ee7a614 elementor-widget elementor-widget-heading\" data-id=\"ee7a614\" data-element_type=\"widget\" data-e-type=\"widget\" data-widget_type=\"heading.default\">\n\t\t\t\t<div class=\"elementor-widget-container\">\n\t\t\t\t\t<h2 class=\"elementor-heading-title elementor-size-default\">Tilaa Saimaan Venematkailuopas 2024-25<\/h2>\t\t\t\t<\/div>\n\t\t\t\t<\/div>\n\t\t\t\t<div class=\"elementor-element elementor-element-7c5c6fe elementor-widget elementor-widget-heading\" data-id=\"7c5c6fe\" data-element_type=\"widget\" data-e-type=\"widget\" data-widget_type=\"heading.default\">\n\t\t\t\t<div class=\"elementor-widget-container\">\n\t\t\t\t\t<h2 class=\"elementor-heading-title elementor-size-default\">Seuraava Opas ilmestyy 2027 ja on 3-vuotinen<\/h2>\t\t\t\t<\/div>\n\t\t\t\t<\/div>\n\t\t\t\t<div class=\"elementor-element elementor-element-1c52797 elementor-widget elementor-widget-text-editor\" data-id=\"1c52797\" data-element_type=\"widget\" data-e-type=\"widget\" data-widget_type=\"text-editor.default\">\n\t\t\t\t<div class=\"elementor-widget-container\">\n\t\t\t\t\t\t\t\t\t<p><strong>Tilaa Saimaan Venematkailuopas 2024-25<br \/><\/strong>Hinnat ennallaan ALV:n korotuksesta huolimatta.<br \/>1 kpl <del>17<\/del>\u00a0 15\u20ac sis. alv 25,5%<br \/>2 kpl <del>22<\/del> 20\u20ac sis. alv 25,5% (samaan osoitteeseen)<br \/>5 kpl 30 \u20ac sis. alv 25,5% (paketti postiin tai automaattiin)<br \/>10 kpl 35 \u20ac sis. alv 25,5% (paketti postiin tai automaattiin)<\/p>\t\t\t\t\t\t\t\t<\/div>\n\t\t\t\t<\/div>\n\t\t\t\t<\/div>\n\t\t<div class=\"elementor-element elementor-element-dea4682 e-con-full e-flex e-con e-child\" data-id=\"dea4682\" data-element_type=\"container\" data-e-type=\"container\">\n\t\t\t\t<div class=\"elementor-element elementor-element-e9bfc4a elementor-widget elementor-widget-image\" data-id=\"e9bfc4a\" data-element_type=\"widget\" data-e-type=\"widget\" data-widget_type=\"image.default\">\n\t\t\t\t<div class=\"elementor-widget-container\">\n\t\t\t\t\t\t\t\t\t\t\t\t\t\t\t<img fetchpriority=\"high\" decoding=\"async\" width=\"242\" height=\"300\" src=\"http:\/\/www.svmo.fi\/wp-content\/uploads\/2024\/05\/2_opasta_400-242x300.png\" class=\"attachment-medium size-medium wp-image-1781\" alt=\"kaksi opasta\" srcset=\"http:\/\/www.svmo.fi\/wp-content\/uploads\/2024\/05\/2_opasta_400-242x300.png 242w, http:\/\/www.svmo.fi\/wp-content\/uploads\/2024\/05\/2_opasta_400.png 323w\" sizes=\"(max-width: 242px) 100vw, 242px\" \/>\t\t\t\t\t\t\t\t\t\t\t\t\t\t\t<\/div>\n\t\t\t\t<\/div>\n\t\t\t\t<\/div>\n\t\t\t\t\t<\/div>\n\t\t\t\t<\/div>\n\t\t<div class=\"elementor-element elementor-element-ebdfe8a e-flex e-con-boxed e-con e-parent\" data-id=\"ebdfe8a\" data-element_type=\"container\" data-e-type=\"container\">\n\t\t\t\t\t<div class=\"e-con-inner\">\n\t\t<div class=\"elementor-element elementor-element-856571d e-con-full e-flex e-con e-child\" data-id=\"856571d\" data-element_type=\"container\" data-e-type=\"container\">\n\t\t\t\t<\/div>\n\t\t<div class=\"elementor-element elementor-element-57bec27 e-con-full e-flex e-con e-child\" data-id=\"57bec27\" data-element_type=\"container\" data-e-type=\"container\">\n\t\t\t\t<div class=\"elementor-element elementor-element-9f5feb4 elementor-widget elementor-widget-wpforms\" data-id=\"9f5feb4\" data-element_type=\"widget\" data-e-type=\"widget\" data-widget_type=\"wpforms.default\">\n\t\t\t\t<div class=\"elementor-widget-container\">\n\t\t\t\t\t<div class=\"wpforms-container \" id=\"wpforms-1676\"><form id=\"wpforms-form-1676\" class=\"wpforms-validate wpforms-form wpforms-ajax-form\" data-formid=\"1676\" method=\"post\" enctype=\"multipart\/form-data\" action=\"\/etusivu\/wp-json\/wp\/v2\/pages\/1647\" data-token=\"092d473c7982a0ac9abac86c89af823e\" data-token-time=\"1776275193\"><noscript class=\"wpforms-error-noscript\">Please enable JavaScript in your browser to complete this form.<\/noscript><div class=\"wpforms-field-container\"><div id=\"wpforms-1676-field_3-container\" class=\"wpforms-field wpforms-field-text\" data-field-id=\"3\"><label class=\"wpforms-field-label\" for=\"wpforms-1676-field_3\">Nimi <span class=\"wpforms-required-label\">*<\/span><\/label><input type=\"text\" id=\"wpforms-1676-field_3\" class=\"wpforms-field-medium wpforms-field-required\" name=\"wpforms[fields][3]\" required><\/div><div id=\"wpforms-1676-field_4-container\" class=\"wpforms-field wpforms-field-text\" data-field-id=\"4\"><label class=\"wpforms-field-label\" for=\"wpforms-1676-field_4\">Katuosoite <span class=\"wpforms-required-label\">*<\/span><\/label><input type=\"text\" id=\"wpforms-1676-field_4\" class=\"wpforms-field-medium wpforms-field-required\" name=\"wpforms[fields][4]\" required><\/div><div id=\"wpforms-1676-field_5-container\" class=\"wpforms-field wpforms-field-text\" data-field-id=\"5\"><label class=\"wpforms-field-label\" for=\"wpforms-1676-field_5\">Postinumero <span class=\"wpforms-required-label\">*<\/span><\/label><input type=\"text\" id=\"wpforms-1676-field_5\" class=\"wpforms-field-medium wpforms-field-required\" name=\"wpforms[fields][5]\" required><\/div><div id=\"wpforms-1676-field_6-container\" class=\"wpforms-field wpforms-field-text\" data-field-id=\"6\"><label class=\"wpforms-field-label\" for=\"wpforms-1676-field_6\">Kaupunki tai paikkakunta <span class=\"wpforms-required-label\">*<\/span><\/label><input type=\"text\" id=\"wpforms-1676-field_6\" class=\"wpforms-field-medium wpforms-field-required\" name=\"wpforms[fields][6]\" required><\/div><div id=\"wpforms-1676-field_1-container\" class=\"wpforms-field wpforms-field-email\" data-field-id=\"1\"><label class=\"wpforms-field-label\" for=\"wpforms-1676-field_1\">S\u00e4hk\u00f6postiosoite <span class=\"wpforms-required-label\">*<\/span><\/label><input type=\"email\" id=\"wpforms-1676-field_1\" class=\"wpforms-field-medium wpforms-field-required\" name=\"wpforms[fields][1]\" spellcheck=\"false\" required><\/div><div id=\"wpforms-1676-field_7-container\" class=\"wpforms-field wpforms-field-checkbox\" data-field-id=\"7\"><label class=\"wpforms-field-label\">Valinta<\/label><ul id=\"wpforms-1676-field_7\"><li class=\"choice-1 depth-1\"><input type=\"checkbox\" id=\"wpforms-1676-field_7_1\" name=\"wpforms[fields][7][]\" value=\"1 opas\"  ><label class=\"wpforms-field-label-inline\" for=\"wpforms-1676-field_7_1\">1 opas<\/label><\/li><li class=\"choice-2 depth-1\"><input type=\"checkbox\" id=\"wpforms-1676-field_7_2\" name=\"wpforms[fields][7][]\" value=\"2 opasta (samaan osoitteeseen)\"  ><label class=\"wpforms-field-label-inline\" for=\"wpforms-1676-field_7_2\">2 opasta (samaan osoitteeseen)<\/label><\/li><li class=\"choice-3 depth-1\"><input type=\"checkbox\" id=\"wpforms-1676-field_7_3\" name=\"wpforms[fields][7][]\" value=\"5 opasta postiin tai pakettiautomaattiin\"  ><label class=\"wpforms-field-label-inline\" for=\"wpforms-1676-field_7_3\">5 opasta postiin tai pakettiautomaattiin<\/label><\/li><li class=\"choice-6 depth-1\"><input type=\"checkbox\" id=\"wpforms-1676-field_7_6\" name=\"wpforms[fields][7][]\" value=\"10 opasta postiin tai pakettiautomaattiin\"  ><label class=\"wpforms-field-label-inline\" for=\"wpforms-1676-field_7_6\">10 opasta postiin tai pakettiautomaattiin<\/label><\/li><li class=\"choice-4 depth-1\"><input type=\"checkbox\" id=\"wpforms-1676-field_7_4\" name=\"wpforms[fields][7][]\" value=\"postiin\"  ><label class=\"wpforms-field-label-inline\" for=\"wpforms-1676-field_7_4\">postiin<\/label><\/li><li class=\"choice-5 depth-1\"><input type=\"checkbox\" id=\"wpforms-1676-field_7_5\" name=\"wpforms[fields][7][]\" value=\"pakettiautomaattiin\"  ><label class=\"wpforms-field-label-inline\" for=\"wpforms-1676-field_7_5\">pakettiautomaattiin<\/label><\/li><\/ul><\/div><div id=\"wpforms-1676-field_2-container\" class=\"wpforms-field wpforms-field-textarea\" data-field-id=\"2\"><label class=\"wpforms-field-label\" for=\"wpforms-1676-field_2\">Viesti<\/label><textarea id=\"wpforms-1676-field_2\" class=\"wpforms-field-medium\" name=\"wpforms[fields][2]\" ><\/textarea><\/div><\/div><!-- .wpforms-field-container --><div class=\"wpforms-submit-container\" ><input type=\"hidden\" name=\"wpforms[id]\" value=\"1676\"><input type=\"hidden\" name=\"page_title\" value=\"\"><input type=\"hidden\" name=\"page_url\" value=\"https:\/\/www.svmo.fi\/etusivu\/wp-json\/wp\/v2\/pages\/1647\"><input type=\"hidden\" name=\"url_referer\" value=\"\"><button type=\"submit\" name=\"wpforms[submit]\" id=\"wpforms-submit-1676\" class=\"wpforms-submit\" data-alt-text=\"L\u00e4hetys k\u00e4ynniss\u00e4\" data-submit-text=\"L\u00e4het\u00e4\" aria-live=\"assertive\" value=\"wpforms-submit\">L\u00e4het\u00e4<\/button><img decoding=\"async\" src=\"https:\/\/www.svmo.fi\/wp-content\/plugins\/wpforms-lite\/assets\/images\/submit-spin.svg\" class=\"wpforms-submit-spinner\" style=\"display: none;\" width=\"26\" height=\"26\" alt=\"Loading\"><\/div><\/form><\/div>  <!-- .wpforms-container -->\t\t\t\t<\/div>\n\t\t\t\t<\/div>\n\t\t\t\t<\/div>\n\t\t<div class=\"elementor-element elementor-element-6afb7d7 e-con-full e-flex e-con e-child\" data-id=\"6afb7d7\" data-element_type=\"container\" data-e-type=\"container\">\n\t\t\t\t<\/div>\n\t\t\t\t\t<\/div>\n\t\t\t\t<\/div>\n\t\t\t\t<\/div>\n\t\t","protected":false},"excerpt":{"rendered":"<p>Tilaa 2 opasta samalla kertaa.Toinen veneeseen ja toinen kotiin tai kaverille.Suosituin tilaus-vaihtoehtomme. Tilaa Saimaan Venematkailuopas 2024-25 Seuraava Opas ilmestyy 2027 ja on 3-vuotinen Tilaa Saimaan Venematkailuopas 2024-25Hinnat ennallaan ALV:n korotuksesta huolimatta.1 kpl 17\u00a0 15\u20ac sis. alv 25,5%2 kpl 22 20\u20ac sis. alv 25,5% (samaan osoitteeseen)5 kpl 30 \u20ac sis. alv 25,5% (paketti postiin tai automaattiin)10 [&hellip;]<\/p>\n","protected":false},"author":1,"featured_media":0,"parent":0,"menu_order":0,"comment_status":"closed","ping_status":"closed","template":"","meta":{"site-sidebar-layout":"no-sidebar","site-content-layout":"page-builder","ast-site-content-layout":"full-width-container","site-content-style":"default","site-sidebar-style":"default","ast-global-header-display":"","ast-banner-title-visibility":"","ast-main-header-display":"","ast-hfb-above-header-display":"","ast-hfb-below-header-display":"","ast-hfb-mobile-header-display":"","site-post-title":"disabled","ast-breadcrumbs-content":"","ast-featured-img":"disabled","footer-sml-layout":"","ast-disable-related-posts":"","theme-transparent-header-meta":"","adv-header-id-meta":"","stick-header-meta":"","header-above-stick-meta":"","header-main-stick-meta":"","header-below-stick-meta":"","astra-migrate-meta-layouts":"set","ast-page-background-enabled":"default","ast-page-background-meta":{"desktop":{"background-color":"var(--ast-global-color-4)","background-image":"","background-repeat":"repeat","background-position":"center center","background-size":"auto","background-attachment":"scroll","background-type":"","background-media":"","overlay-type":"","overlay-color":"","overlay-opacity":"","overlay-gradient":""},"tablet":{"background-color":"","background-image":"","background-repeat":"repeat","background-position":"center center","background-size":"auto","background-attachment":"scroll","background-type":"","background-media":"","overlay-type":"","overlay-color":"","overlay-opacity":"","overlay-gradient":""},"mobile":{"background-color":"","background-image":"","background-repeat":"repeat","background-position":"center center","background-size":"auto","background-attachment":"scroll","background-type":"","background-media":"","overlay-type":"","overlay-color":"","overlay-opacity":"","overlay-gradient":""}},"ast-content-background-meta":{"desktop":{"background-color":"var(--ast-global-color-5)","background-image":"","background-repeat":"repeat","background-position":"center center","background-size":"auto","background-attachment":"scroll","background-type":"","background-media":"","overlay-type":"","overlay-color":"","overlay-opacity":"","overlay-gradient":""},"tablet":{"background-color":"var(--ast-global-color-5)","background-image":"","background-repeat":"repeat","background-position":"center center","background-size":"auto","background-attachment":"scroll","background-type":"","background-media":"","overlay-type":"","overlay-color":"","overlay-opacity":"","overlay-gradient":""},"mobile":{"background-color":"var(--ast-global-color-5)","background-image":"","background-repeat":"repeat","background-position":"center center","background-size":"auto","background-attachment":"scroll","background-type":"","background-media":"","overlay-type":"","overlay-color":"","overlay-opacity":"","overlay-gradient":""}},"footnotes":""},"class_list":["post-1647","page","type-page","status-publish","hentry"],"_links":{"self":[{"href":"https:\/\/www.svmo.fi\/etusivu\/wp-json\/wp\/v2\/pages\/1647","targetHints":{"allow":["GET"]}}],"collection":[{"href":"https:\/\/www.svmo.fi\/etusivu\/wp-json\/wp\/v2\/pages"}],"about":[{"href":"https:\/\/www.svmo.fi\/etusivu\/wp-json\/wp\/v2\/types\/page"}],"author":[{"embeddable":true,"href":"https:\/\/www.svmo.fi\/etusivu\/wp-json\/wp\/v2\/users\/1"}],"replies":[{"embeddable":true,"href":"https:\/\/www.svmo.fi\/etusivu\/wp-json\/wp\/v2\/comments?post=1647"}],"version-history":[{"count":31,"href":"https:\/\/www.svmo.fi\/etusivu\/wp-json\/wp\/v2\/pages\/1647\/revisions"}],"predecessor-version":[{"id":1961,"href":"https:\/\/www.svmo.fi\/etusivu\/wp-json\/wp\/v2\/pages\/1647\/revisions\/1961"}],"wp:attachment":[{"href":"https:\/\/www.svmo.fi\/etusivu\/wp-json\/wp\/v2\/media?parent=1647"}],"curies":[{"name":"wp","href":"https:\/\/api.w.org\/{rel}","templated":true}]}}