{"id":1318,"date":"2021-11-21T15:12:46","date_gmt":"2021-11-21T15:12:46","guid":{"rendered":"https:\/\/www.svmo.fi\/index.php\/home\/"},"modified":"2026-02-09T17:53:26","modified_gmt":"2026-02-09T17:53:26","slug":"home","status":"publish","type":"page","link":"http:\/\/www.svmo.fi\/etusivu\/","title":{"rendered":"Etusivu"},"content":{"rendered":"\t\t<div data-elementor-type=\"wp-page\" data-elementor-id=\"1318\" class=\"elementor elementor-1318\">\n\t\t\t\t<div class=\"elementor-element elementor-element-9e1a3b7 e-flex e-con-boxed e-con e-parent\" data-id=\"9e1a3b7\" data-element_type=\"container\" data-e-type=\"container\" data-settings=\"{&quot;background_background&quot;:&quot;classic&quot;}\">\n\t\t\t\t\t<div class=\"e-con-inner\">\n\t\t<div class=\"elementor-element elementor-element-8f73ee5 e-flex e-con-boxed e-con e-child\" data-id=\"8f73ee5\" data-element_type=\"container\" data-e-type=\"container\">\n\t\t\t\t\t<div class=\"e-con-inner\">\n\t\t\t\t<div class=\"elementor-element elementor-element-4a02dab elementor-widget elementor-widget-heading\" data-id=\"4a02dab\" data-element_type=\"widget\" data-e-type=\"widget\" data-widget_type=\"heading.default\">\n\t\t\t\t<div class=\"elementor-widget-container\">\n\t\t\t\t\t<h1 class=\"elementor-heading-title elementor-size-default\">Saimaan Venematkailuopas 2024-25 Helsingin Venemessuilla 2026 Spahotel Casino ja Saimaan Vuokravenho Osasto: 6k91\nsek\u00e4 Pid\u00e4 Saaristo Siistin\u00e4 ry Osasto: 7k100\n<\/h1>\t\t\t\t<\/div>\n\t\t\t\t<\/div>\n\t\t\t\t<div class=\"elementor-element elementor-element-afcb1cf elementor-widget elementor-widget-heading\" data-id=\"afcb1cf\" data-element_type=\"widget\" data-e-type=\"widget\" data-widget_type=\"heading.default\">\n\t\t\t\t<div class=\"elementor-widget-container\">\n\t\t\t\t\t<h1 class=\"elementor-heading-title elementor-size-default\">Saimaan Venematkailuopas 2027-30\nilmestyy vuoden 2027 helmikuussa.<\/h1>\t\t\t\t<\/div>\n\t\t\t\t<\/div>\n\t\t\t\t<div class=\"elementor-element elementor-element-0c30f24 elementor-widget elementor-widget-text-editor\" data-id=\"0c30f24\" data-element_type=\"widget\" data-e-type=\"widget\" data-widget_type=\"text-editor.default\">\n\t\t\t\t<div class=\"elementor-widget-container\">\n\t\t\t\t\t\t\t\t\t<figure id=\"attachment_1944\" aria-describedby=\"caption-attachment-1944\" style=\"width: 300px\" class=\"wp-caption aligncenter\"><img decoding=\"async\" class=\"size-medium wp-image-1944\" src=\"http:\/\/www.svmo.fi\/wp-content\/uploads\/2025\/12\/Logo_ulkoinenen-300x86.png\" alt=\"\" width=\"300\" height=\"86\" srcset=\"http:\/\/www.svmo.fi\/wp-content\/uploads\/2025\/12\/Logo_ulkoinenen-300x86.png 300w, http:\/\/www.svmo.fi\/wp-content\/uploads\/2025\/12\/Logo_ulkoinenen.png 620w\" sizes=\"(max-width: 300px) 100vw, 300px\" \/><figcaption id=\"caption-attachment-1944\" class=\"wp-caption-text\">Logo 2027<\/figcaption><\/figure>\t\t\t\t\t\t\t\t<\/div>\n\t\t\t\t<\/div>\n\t\t\t\t<div class=\"elementor-element elementor-element-1aeaa5f elementor-widget elementor-widget-image\" data-id=\"1aeaa5f\" data-element_type=\"widget\" data-e-type=\"widget\" data-widget_type=\"image.default\">\n\t\t\t\t<div class=\"elementor-widget-container\">\n\t\t\t\t\t\t\t\t\t\t\t\t\t\t\t\t<a href=\"http:\/\/www.svmo.fi\/tilaa-opas\/\">\n\t\t\t\t\t\t\t<img fetchpriority=\"high\" decoding=\"async\" width=\"768\" height=\"403\" src=\"http:\/\/www.svmo.fi\/wp-content\/uploads\/2026\/02\/Vierasvenesatamat_B-768x403.jpg\" class=\"attachment-medium_large size-medium_large wp-image-1974\" alt=\"Spahotel Casino ja Vuokravenho\" srcset=\"http:\/\/www.svmo.fi\/wp-content\/uploads\/2026\/02\/Vierasvenesatamat_B-768x403.jpg 768w, http:\/\/www.svmo.fi\/wp-content\/uploads\/2026\/02\/Vierasvenesatamat_B-300x158.jpg 300w, http:\/\/www.svmo.fi\/wp-content\/uploads\/2026\/02\/Vierasvenesatamat_B-1024x538.jpg 1024w, http:\/\/www.svmo.fi\/wp-content\/uploads\/2026\/02\/Vierasvenesatamat_B.jpg 1200w\" sizes=\"(max-width: 768px) 100vw, 768px\" \/>\t\t\t\t\t\t\t\t<\/a>\n\t\t\t\t\t\t\t\t\t\t\t\t\t\t\t<\/div>\n\t\t\t\t<\/div>\n\t\t\t\t\t<\/div>\n\t\t\t\t<\/div>\n\t\t\t\t\t<\/div>\n\t\t\t\t<\/div>\n\t\t<div class=\"elementor-element elementor-element-96bd614 e-flex e-con-boxed e-con e-parent\" data-id=\"96bd614\" data-element_type=\"container\" data-e-type=\"container\">\n\t\t\t\t\t<div class=\"e-con-inner\">\n\t\t<div class=\"elementor-element elementor-element-f6f7e27 e-flex e-con-boxed e-con e-child\" data-id=\"f6f7e27\" data-element_type=\"container\" data-e-type=\"container\">\n\t\t\t\t\t<div class=\"e-con-inner\">\n\t\t\t\t<div class=\"elementor-element elementor-element-c7799c6 elementor-widget elementor-widget-text-editor\" data-id=\"c7799c6\" data-element_type=\"widget\" data-e-type=\"widget\" data-widget_type=\"text-editor.default\">\n\t\t\t\t<div class=\"elementor-widget-container\">\n\t\t\t\t\t\t\t\t\t<p><strong>Spahotel Casino, Savonlinna \u2013 Vuoden vierasvenesatama 2026, J\u00e4rvi-Suomi<\/strong><\/p>\t\t\t\t\t\t\t\t<\/div>\n\t\t\t\t<\/div>\n\t\t\t\t<div class=\"elementor-element elementor-element-7c23b11 elementor-widget elementor-widget-text-editor\" data-id=\"7c23b11\" data-element_type=\"widget\" data-e-type=\"widget\" data-widget_type=\"text-editor.default\">\n\t\t\t\t<div class=\"elementor-widget-container\">\n\t\t\t\t\t\t\t\t\t<p>Spahotel Casinon vierasvenesatama erottuu edukseen sijainnillaan aivan Savonlinnan syd\u00e4mess\u00e4, Saimaan upeissa j\u00e4rvimaisemissa. Satama tarjoaa veneilij\u00f6ille korkeatasoiset palvelut, helpon saavutettavuuden sek\u00e4 suoran yhteyden kylpyl\u00e4-, ravintola- ja kulttuuripalveluihin, sek\u00e4\u00a0 Saimaan Vuokravenhon palvelut: Kanoottien, kajakkien ja sup-lautojen vuokrausta. Melonta\/Sup-lautailuretki\u00e4 sek\u00e4 Sup-lautailun alkeiskursseja. Spahotel Casino on yhdistelm\u00e4 kaupunkiel\u00e4m\u00e4\u00e4, j\u00e4rviluontoa ja toimivaa satamainfraa, joka \u00a0loi kokonaisuuden, joka vastaa t\u00e4ydellisesti nykyp\u00e4iv\u00e4n veneilij\u00f6iden odotuksiin \u2013 ja toi Casinolle tunnustuksen J\u00e4rvi-Suomen parhaana.<\/p>\t\t\t\t\t\t\t\t<\/div>\n\t\t\t\t<\/div>\n\t\t\t\t<div class=\"elementor-element elementor-element-d16f5b6 elementor-widget elementor-widget-heading\" data-id=\"d16f5b6\" data-element_type=\"widget\" data-e-type=\"widget\" data-widget_type=\"heading.default\">\n\t\t\t\t<div class=\"elementor-widget-container\">\n\t\t\t\t\t<h2 class=\"elementor-heading-title elementor-size-default\"><a href=\"http:\/\/www.svmo.fi\/tilaa-opas\/\">Tilaa opas!<\/a><\/h2>\t\t\t\t<\/div>\n\t\t\t\t<\/div>\n\t\t\t\t<div class=\"elementor-element elementor-element-49160ad elementor-widget-divider--view-line elementor-widget elementor-widget-divider\" data-id=\"49160ad\" data-element_type=\"widget\" data-e-type=\"widget\" data-widget_type=\"divider.default\">\n\t\t\t\t<div class=\"elementor-widget-container\">\n\t\t\t\t\t\t\t<div class=\"elementor-divider\">\n\t\t\t<span class=\"elementor-divider-separator\">\n\t\t\t\t\t\t<\/span>\n\t\t<\/div>\n\t\t\t\t\t\t<\/div>\n\t\t\t\t<\/div>\n\t\t<div class=\"elementor-element elementor-element-a306a4a e-flex e-con-boxed e-con e-child\" data-id=\"a306a4a\" data-element_type=\"container\" data-e-type=\"container\">\n\t\t\t\t\t<div class=\"e-con-inner\">\n\t\t<div class=\"elementor-element elementor-element-5822dc4 e-flex e-con-boxed e-con e-child\" data-id=\"5822dc4\" data-element_type=\"container\" data-e-type=\"container\">\n\t\t\t\t\t<div class=\"e-con-inner\">\n\t\t\t\t<div class=\"elementor-element elementor-element-85cc8cf elementor-widget elementor-widget-image\" data-id=\"85cc8cf\" data-element_type=\"widget\" data-e-type=\"widget\" data-widget_type=\"image.default\">\n\t\t\t\t<div class=\"elementor-widget-container\">\n\t\t\t\t\t\t\t\t\t\t\t\t\t\t\t<img decoding=\"async\" width=\"595\" height=\"841\" src=\"http:\/\/www.svmo.fi\/wp-content\/uploads\/2024\/03\/Kansi_24.jpg\" class=\"attachment-full size-full wp-image-1662\" alt=\"cover page\" srcset=\"http:\/\/www.svmo.fi\/wp-content\/uploads\/2024\/03\/Kansi_24.jpg 595w, http:\/\/www.svmo.fi\/wp-content\/uploads\/2024\/03\/Kansi_24-212x300.jpg 212w\" sizes=\"(max-width: 595px) 100vw, 595px\" \/>\t\t\t\t\t\t\t\t\t\t\t\t\t\t\t<\/div>\n\t\t\t\t<\/div>\n\t\t\t\t<div class=\"elementor-element elementor-element-66d0917 elementor-widget elementor-widget-image-box\" data-id=\"66d0917\" data-element_type=\"widget\" data-e-type=\"widget\" data-widget_type=\"image-box.default\">\n\t\t\t\t<div class=\"elementor-widget-container\">\n\t\t\t\t\t<div class=\"elementor-image-box-wrapper\"><div class=\"elementor-image-box-content\"><h3 class=\"elementor-image-box-title\">Kannessa Lappeenrannan sataman suihkul\u00e4hde<\/h3><p class=\"elementor-image-box-description\">Pienemmiss\u00e4 kuvissa Kuopion Saana, satamatori iltavalaistuksessa ja norppa Saimaalla.<\/p><\/div><\/div>\t\t\t\t<\/div>\n\t\t\t\t<\/div>\n\t\t\t\t\t<\/div>\n\t\t\t\t<\/div>\n\t\t<div class=\"elementor-element elementor-element-39b81fb e-flex e-con-boxed e-con e-child\" data-id=\"39b81fb\" data-element_type=\"container\" data-e-type=\"container\">\n\t\t\t\t\t<div class=\"e-con-inner\">\n\t\t\t\t<div class=\"elementor-element elementor-element-66dde07 elementor-widget elementor-widget-image\" data-id=\"66dde07\" data-element_type=\"widget\" data-e-type=\"widget\" data-widget_type=\"image.default\">\n\t\t\t\t<div class=\"elementor-widget-container\">\n\t\t\t\t\t\t\t\t\t\t\t\t\t\t\t<img loading=\"lazy\" decoding=\"async\" width=\"308\" height=\"308\" src=\"http:\/\/www.svmo.fi\/wp-content\/uploads\/2024\/03\/Norppa_mitali.png\" class=\"attachment-full size-full wp-image-1664\" alt=\"Since 1990\" srcset=\"http:\/\/www.svmo.fi\/wp-content\/uploads\/2024\/03\/Norppa_mitali.png 308w, http:\/\/www.svmo.fi\/wp-content\/uploads\/2024\/03\/Norppa_mitali-300x300.png 300w, http:\/\/www.svmo.fi\/wp-content\/uploads\/2024\/03\/Norppa_mitali-150x150.png 150w\" sizes=\"(max-width: 308px) 100vw, 308px\" \/>\t\t\t\t\t\t\t\t\t\t\t\t\t\t\t<\/div>\n\t\t\t\t<\/div>\n\t\t\t\t<div class=\"elementor-element elementor-element-90cb059 elementor-widget elementor-widget-image-box\" data-id=\"90cb059\" data-element_type=\"widget\" data-e-type=\"widget\" data-widget_type=\"image-box.default\">\n\t\t\t\t<div class=\"elementor-widget-container\">\n\t\t\t\t\t<div class=\"elementor-image-box-wrapper\"><div class=\"elementor-image-box-content\"><h3 class=\"elementor-image-box-title\">Since 1990<\/h3><p class=\"elementor-image-box-description\">Saimaan Venematkailuopas on toiminut  veneilij\u00f6iden apuna jo vuodesta 1990 l\u00e4htien. \nUuteen oppaaseen on p\u00e4ivitetty useita satoja puhelinnumeroita, nettiosoitteita ja QR-koodeja.  Oppaan kartta-aukeamien avulla kes\u00e4n veneretkien suunnittelu voi alkaa!<\/p><\/div><\/div>\t\t\t\t<\/div>\n\t\t\t\t<\/div>\n\t\t\t\t\t<\/div>\n\t\t\t\t<\/div>\n\t\t<div class=\"elementor-element elementor-element-db379a5 e-flex e-con-boxed e-con e-child\" data-id=\"db379a5\" data-element_type=\"container\" data-e-type=\"container\">\n\t\t\t\t\t<div class=\"e-con-inner\">\n\t\t\t\t<div class=\"elementor-element elementor-element-ece35b4 elementor-widget elementor-widget-image\" data-id=\"ece35b4\" data-element_type=\"widget\" data-e-type=\"widget\" data-widget_type=\"image.default\">\n\t\t\t\t<div class=\"elementor-widget-container\">\n\t\t\t\t\t\t\t\t\t\t\t\t\t\t\t<img loading=\"lazy\" decoding=\"async\" width=\"595\" height=\"842\" src=\"http:\/\/www.svmo.fi\/wp-content\/uploads\/2024\/03\/Heinavesi.jpg\" class=\"attachment-full size-full wp-image-1666\" alt=\"\" srcset=\"http:\/\/www.svmo.fi\/wp-content\/uploads\/2024\/03\/Heinavesi.jpg 595w, http:\/\/www.svmo.fi\/wp-content\/uploads\/2024\/03\/Heinavesi-212x300.jpg 212w\" sizes=\"(max-width: 595px) 100vw, 595px\" \/>\t\t\t\t\t\t\t\t\t\t\t\t\t\t\t<\/div>\n\t\t\t\t<\/div>\n\t\t\t\t<div class=\"elementor-element elementor-element-a9f0e53 elementor-widget elementor-widget-image-box\" data-id=\"a9f0e53\" data-element_type=\"widget\" data-e-type=\"widget\" data-widget_type=\"image-box.default\">\n\t\t\t\t<div class=\"elementor-widget-container\">\n\t\t\t\t\t<div class=\"elementor-image-box-wrapper\"><div class=\"elementor-image-box-content\"><h3 class=\"elementor-image-box-title\">Hein\u00e4veden palvelusatama<\/h3><p class=\"elementor-image-box-description\">Kes\u00e4ll\u00e4 2023 uudistettu satama, josta l\u00f6ytyv\u00e4t l\u00e4hes t\u00e4ydelliset palvelut!<\/p><\/div><\/div>\t\t\t\t<\/div>\n\t\t\t\t<\/div>\n\t\t\t\t\t<\/div>\n\t\t\t\t<\/div>\n\t\t\t\t\t<\/div>\n\t\t\t\t<\/div>\n\t\t\t\t\t<\/div>\n\t\t\t\t<\/div>\n\t\t\t\t\t<\/div>\n\t\t\t\t<\/div>\n\t\t<div class=\"elementor-element elementor-element-3d70b56 e-grid e-con-boxed e-con e-parent\" data-id=\"3d70b56\" data-element_type=\"container\" data-e-type=\"container\">\n\t\t\t\t\t<div class=\"e-con-inner\">\n\t\t\t\t\t<\/div>\n\t\t\t\t<\/div>\n\t\t\t\t<\/div>\n\t\t","protected":false},"excerpt":{"rendered":"<p>Saimaan Venematkailuopas 2024-25 Helsingin Venemessuilla 2026 Spahotel Casino ja Saimaan Vuokravenho Osasto: 6k91 sek\u00e4 Pid\u00e4 Saaristo Siistin\u00e4 ry Osasto: 7k100 Saimaan Venematkailuopas 2027-30 ilmestyy vuoden 2027 helmikuussa. Spahotel Casino, Savonlinna \u2013 Vuoden vierasvenesatama 2026, J\u00e4rvi-Suomi Spahotel Casinon vierasvenesatama erottuu edukseen sijainnillaan aivan Savonlinnan syd\u00e4mess\u00e4, Saimaan upeissa j\u00e4rvimaisemissa. Satama tarjoaa veneilij\u00f6ille korkeatasoiset palvelut, helpon saavutettavuuden sek\u00e4 [&hellip;]<\/p>\n","protected":false},"author":1,"featured_media":0,"parent":0,"menu_order":0,"comment_status":"closed","ping_status":"closed","template":"","meta":{"site-sidebar-layout":"no-sidebar","site-content-layout":"page-builder","ast-site-content-layout":"full-width-container","site-content-style":"unboxed","site-sidebar-style":"unboxed","ast-global-header-display":"","ast-banner-title-visibility":"","ast-main-header-display":"","ast-hfb-above-header-display":"","ast-hfb-below-header-display":"","ast-hfb-mobile-header-display":"","site-post-title":"disabled","ast-breadcrumbs-content":"","ast-featured-img":"disabled","footer-sml-layout":"","ast-disable-related-posts":"","theme-transparent-header-meta":"enabled","adv-header-id-meta":"","stick-header-meta":"","header-above-stick-meta":"","header-main-stick-meta":"","header-below-stick-meta":"","astra-migrate-meta-layouts":"set","ast-page-background-enabled":"default","ast-page-background-meta":{"desktop":{"background-color":"var(--ast-global-color-4)","background-image":"","background-repeat":"repeat","background-position":"center center","background-size":"auto","background-attachment":"scroll","background-type":"","background-media":"","overlay-type":"","overlay-color":"","overlay-opacity":"","overlay-gradient":""},"tablet":{"background-color":"","background-image":"","background-repeat":"repeat","background-position":"center center","background-size":"auto","background-attachment":"scroll","background-type":"","background-media":"","overlay-type":"","overlay-color":"","overlay-opacity":"","overlay-gradient":""},"mobile":{"background-color":"","background-image":"","background-repeat":"repeat","background-position":"center center","background-size":"auto","background-attachment":"scroll","background-type":"","background-media":"","overlay-type":"","overlay-color":"","overlay-opacity":"","overlay-gradient":""}},"ast-content-background-meta":{"desktop":{"background-color":"var(--ast-global-color-5)","background-image":"","background-repeat":"repeat","background-position":"center center","background-size":"auto","background-attachment":"scroll","background-type":"","background-media":"","overlay-type":"","overlay-color":"","overlay-opacity":"","overlay-gradient":""},"tablet":{"background-color":"var(--ast-global-color-5)","background-image":"","background-repeat":"repeat","background-position":"center center","background-size":"auto","background-attachment":"scroll","background-type":"","background-media":"","overlay-type":"","overlay-color":"","overlay-opacity":"","overlay-gradient":""},"mobile":{"background-color":"var(--ast-global-color-5)","background-image":"","background-repeat":"repeat","background-position":"center center","background-size":"auto","background-attachment":"scroll","background-type":"","background-media":"","overlay-type":"","overlay-color":"","overlay-opacity":"","overlay-gradient":""}},"footnotes":""},"class_list":["post-1318","page","type-page","status-publish","hentry"],"_links":{"self":[{"href":"http:\/\/www.svmo.fi\/etusivu\/wp-json\/wp\/v2\/pages\/1318","targetHints":{"allow":["GET"]}}],"collection":[{"href":"http:\/\/www.svmo.fi\/etusivu\/wp-json\/wp\/v2\/pages"}],"about":[{"href":"http:\/\/www.svmo.fi\/etusivu\/wp-json\/wp\/v2\/types\/page"}],"author":[{"embeddable":true,"href":"http:\/\/www.svmo.fi\/etusivu\/wp-json\/wp\/v2\/users\/1"}],"replies":[{"embeddable":true,"href":"http:\/\/www.svmo.fi\/etusivu\/wp-json\/wp\/v2\/comments?post=1318"}],"version-history":[{"count":76,"href":"http:\/\/www.svmo.fi\/etusivu\/wp-json\/wp\/v2\/pages\/1318\/revisions"}],"predecessor-version":[{"id":1983,"href":"http:\/\/www.svmo.fi\/etusivu\/wp-json\/wp\/v2\/pages\/1318\/revisions\/1983"}],"wp:attachment":[{"href":"http:\/\/www.svmo.fi\/etusivu\/wp-json\/wp\/v2\/media?parent=1318"}],"curies":[{"name":"wp","href":"https:\/\/api.w.org\/{rel}","templated":true}]}}